{"id":44049,"date":"2024-02-28T23:33:06","date_gmt":"2024-02-28T23:33:06","guid":{"rendered":"https:\/\/ixachitlan.com\/?page_id=44049"},"modified":"2024-03-14T00:27:29","modified_gmt":"2024-03-14T00:27:29","slug":"quienes-somos","status":"publish","type":"page","link":"https:\/\/ixachitlan.com\/index.php\/quienes-somos\/","title":{"rendered":"\u00bfQUI\u00c9NES SOMOS?"},"content":{"rendered":"<p>[et_pb_section fb_built=&#8221;1&#8243; admin_label=&#8221;Quienes Somos?&#8221; _builder_version=&#8221;4.24.2&#8243; _module_preset=&#8221;default&#8221; background_color=&#8221;#e8dfc9&#8243; global_colors_info=&#8221;{}&#8221;][et_pb_row column_structure=&#8221;1_2,1_2&#8243; _builder_version=&#8221;4.22.1&#8243; _module_preset=&#8221;default&#8221; global_colors_info=&#8221;{}&#8221;][et_pb_column type=&#8221;1_2&#8243; _builder_version=&#8221;4.22.1&#8243; _module_preset=&#8221;default&#8221; global_colors_info=&#8221;{}&#8221;][et_pb_image src=&#8221;https:\/\/ixachitlan.com\/wp-content\/uploads\/2024\/03\/LAP-Famlia2.jpg&#8221; alt=&#8221;Luis A. Portillo&#8221; title_text=&#8221;Luis A. Portillo&#8221; admin_label=&#8221;LAP &#038; Familia Tazumal&#8221; _builder_version=&#8221;4.24.2&#8243; _module_preset=&#8221;default&#8221; global_colors_info=&#8221;{}&#8221;][\/et_pb_image][\/et_pb_column][et_pb_column type=&#8221;1_2&#8243; _builder_version=&#8221;4.22.1&#8243; _module_preset=&#8221;default&#8221; global_colors_info=&#8221;{}&#8221;][et_pb_text admin_label=&#8221;En Tazumal&#8221; _builder_version=&#8221;4.24.2&#8243; _module_preset=&#8221;default&#8221; text_text_color=&#8221;#000000&#8243; hover_enabled=&#8221;0&#8243; global_colors_info=&#8221;%91%93&#8243; sticky_enabled=&#8221;0&#8243;]<\/p>\n<h3 style=\"text-align: center;\">En el Parque Arqueol\u00f3gico Tazumal, El Salvador<\/h3>\n<p style=\"text-align: center;\">2022<\/p>\n<p>[\/et_pb_text][et_pb_text admin_label=&#8221;Este Blog&#8230;&#8221; _builder_version=&#8221;4.24.2&#8243; _module_preset=&#8221;ad0fd08c-c278-449a-9a20-0d4dcf1b7dbe&#8221; text_text_color=&#8221;gcid-606d042f-c90f-4ea6-97e7-7b08f1ba25f6&#8243; text_font_size=&#8221;16px&#8221; text_line_height=&#8221;1.8em&#8221; custom_margin=&#8221;30px||||false|false&#8221; hover_enabled=&#8221;0&#8243; text_font_size_tablet=&#8221;15px&#8221; text_font_size_phone=&#8221;14px&#8221; text_font_size_last_edited=&#8221;on|desktop&#8221; global_colors_info=&#8221;{%22gcid-606d042f-c90f-4ea6-97e7-7b08f1ba25f6%22:%91%22text_text_color%22%93}&#8221; sticky_enabled=&#8221;0&#8243;]<\/p>\n<p>Este blog est\u00e1 basado en el libro: \u2018<strong><em>Facetas notables de la Civilizaci\u00f3n Maya del Continente Ixachitl\u00e1n (Am\u00e9rica)<\/em><\/strong>\u2019, y cada art\u00edculo en este blog ha sido extra\u00eddo del libro.<\/p>\n<p>[\/et_pb_text][\/et_pb_column][\/et_pb_row][et_pb_row column_structure=&#8221;1_2,1_2&#8243; _builder_version=&#8221;4.22.1&#8243; _module_preset=&#8221;default&#8221; global_colors_info=&#8221;{}&#8221;][et_pb_column type=&#8221;1_2&#8243; _builder_version=&#8221;4.22.1&#8243; _module_preset=&#8221;default&#8221; global_colors_info=&#8221;{}&#8221;][et_pb_image src=&#8221;https:\/\/ixachitlan.com\/wp-content\/uploads\/2024\/03\/LAP-Pakal.jpg&#8221; alt=&#8221;Rey Maya Pakal&#8221; title_text=&#8221;Rey Maya Pakal&#8221; admin_label=&#8221;LAP &#038; Familia Tazumal&#8221; _builder_version=&#8221;4.24.2&#8243; _module_preset=&#8221;default&#8221; global_colors_info=&#8221;{}&#8221;][\/et_pb_image][\/et_pb_column][et_pb_column type=&#8221;1_2&#8243; _builder_version=&#8221;4.22.1&#8243; _module_preset=&#8221;default&#8221; global_colors_info=&#8221;{}&#8221;][et_pb_text admin_label=&#8221;Este Blog&#8230;&#8221; _builder_version=&#8221;4.24.2&#8243; _module_preset=&#8221;ad0fd08c-c278-449a-9a20-0d4dcf1b7dbe&#8221; text_text_color=&#8221;gcid-606d042f-c90f-4ea6-97e7-7b08f1ba25f6&#8243; text_font_size=&#8221;16px&#8221; text_line_height=&#8221;1.8em&#8221; custom_margin=&#8221;30px||||false|false&#8221; text_font_size_tablet=&#8221;15px&#8221; text_font_size_phone=&#8221;14px&#8221; text_font_size_last_edited=&#8221;on|desktop&#8221; global_colors_info=&#8221;{%22gcid-606d042f-c90f-4ea6-97e7-7b08f1ba25f6%22:%91%22text_text_color%22%93}&#8221;]<\/p>\n<p>Este blog est\u00e1 dise\u00f1ado con la intenci\u00f3n de darle a conocer al lector un poquito m\u00e1s sobre <strong>la Gran Cultura Maya<\/strong>, sus logros, avances, peculiaridades y contribuciones al mundo moderno.<\/p>\n<p>[\/et_pb_text][\/et_pb_column][\/et_pb_row][et_pb_row _builder_version=&#8221;4.24.2&#8243; _module_preset=&#8221;default&#8221; global_colors_info=&#8221;{}&#8221;][et_pb_column type=&#8221;4_4&#8243; _builder_version=&#8221;4.24.2&#8243; _module_preset=&#8221;default&#8221; global_colors_info=&#8221;{}&#8221;][et_pb_image src=&#8221;https:\/\/ixachitlan.com\/wp-content\/uploads\/2024\/03\/2024-A-Observatory-WEB-Chichen_Itza_4.jpg&#8221; alt=&#8221;Observatorio Maya en Chichen Itza&#8221; title_text=&#8221;2024 A Observatory WEB Chichen_Itza_4&#8243; admin_label=&#8221;Observatorio Maya en Chichen Itza&#8221; _builder_version=&#8221;4.24.2&#8243; _module_preset=&#8221;default&#8221; global_colors_info=&#8221;{}&#8221;][\/et_pb_image][et_pb_text admin_label=&#8221;Colabora con nosotros y Escr\u00edbenos&#8221; _builder_version=&#8221;4.24.2&#8243; _module_preset=&#8221;default&#8221; text_text_color=&#8221;#000000&#8243; global_colors_info=&#8221;%91%93&#8243;]<\/p>\n<h3 style=\"text-align: center;\">Colabora con nosotros y Escr\u00edbenos<\/h3>\n<p>[\/et_pb_text][et_pb_text admin_label=&#8221;Como comento en el libro \u2018Facetas&#8221; _builder_version=&#8221;4.24.2&#8243; _module_preset=&#8221;ad0fd08c-c278-449a-9a20-0d4dcf1b7dbe&#8221; text_text_color=&#8221;gcid-606d042f-c90f-4ea6-97e7-7b08f1ba25f6&#8243; text_font_size=&#8221;16px&#8221; text_line_height=&#8221;1.8em&#8221; custom_margin=&#8221;30px||||false|false&#8221; text_font_size_tablet=&#8221;15px&#8221; text_font_size_phone=&#8221;14px&#8221; text_font_size_last_edited=&#8221;on|desktop&#8221; global_colors_info=&#8221;{%22gcid-606d042f-c90f-4ea6-97e7-7b08f1ba25f6%22:%91%22text_text_color%22%93}&#8221;]<\/p>\n<p>Como comento en el libro \u2018<strong><em>Facetas notables de la Civilizaci\u00f3n Maya<\/em><\/strong>\u2019, hace unos a\u00f1os me hice el examen de DNA (ADN) y con orgullo les informo que el 43% de mi ADN es de origen Maya y Mesoamericano, o para ser m\u00e1s t\u00e9cnico: de <strong>Ixachitl\u00e1n<\/strong>, el territorio <strong>llamado as\u00ed por los Aztecas<\/strong>, la cultura m\u00e1s desarrollada del continente antes de que llegaran los espa\u00f1oles y lo rebautizaran con el nombre de Am\u00e9rica.<\/p>\n<p>Colabora con nosotros: Escr\u00edbenos y dinos si tienes preguntas, comentarios o recomendaciones o si encuentras errores hist\u00f3ricos, t\u00e9cnicos o aun de ortograf\u00eda.<\/p>\n<p>[\/et_pb_text][\/et_pb_column][\/et_pb_row][\/et_pb_section]<\/p>\n","protected":false},"excerpt":{"rendered":"<p>En el Parque Arqueol\u00f3gico Tazumal, El Salvador 2022Este blog est\u00e1 basado en el libro: \u2018Facetas notables de la Civilizaci\u00f3n Maya del Continente Ixachitl\u00e1n (Am\u00e9rica)\u2019, y cada art\u00edculo en este blog ha sido extra\u00eddo del libro.Este blog est\u00e1 dise\u00f1ado con la intenci\u00f3n de darle a conocer al lector un poquito m\u00e1s sobre la Gran Cultura Maya, [&hellip;]<\/p>\n","protected":false},"author":1,"featured_media":0,"parent":0,"menu_order":0,"comment_status":"closed","ping_status":"closed","template":"","meta":{"_et_pb_use_builder":"on","_et_pb_old_content":"","_et_gb_content_width":"","cybocfi_hide_featured_image":"","footnotes":""},"class_list":["post-44049","page","type-page","status-publish","hentry"],"_links":{"self":[{"href":"https:\/\/ixachitlan.com\/index.php\/wp-json\/wp\/v2\/pages\/44049","targetHints":{"allow":["GET"]}}],"collection":[{"href":"https:\/\/ixachitlan.com\/index.php\/wp-json\/wp\/v2\/pages"}],"about":[{"href":"https:\/\/ixachitlan.com\/index.php\/wp-json\/wp\/v2\/types\/page"}],"author":[{"embeddable":true,"href":"https:\/\/ixachitlan.com\/index.php\/wp-json\/wp\/v2\/users\/1"}],"replies":[{"embeddable":true,"href":"https:\/\/ixachitlan.com\/index.php\/wp-json\/wp\/v2\/comments?post=44049"}],"version-history":[{"count":14,"href":"https:\/\/ixachitlan.com\/index.php\/wp-json\/wp\/v2\/pages\/44049\/revisions"}],"predecessor-version":[{"id":52973,"href":"https:\/\/ixachitlan.com\/index.php\/wp-json\/wp\/v2\/pages\/44049\/revisions\/52973"}],"wp:attachment":[{"href":"https:\/\/ixachitlan.com\/index.php\/wp-json\/wp\/v2\/media?parent=44049"}],"curies":[{"name":"wp","href":"https:\/\/api.w.org\/{rel}","templated":true}]}}